{"id":47,"date":"2015-10-11T23:34:21","date_gmt":"2015-10-11T21:34:21","guid":{"rendered":"http:\/\/www.kufstein-hilft.at\/?page_id=47"},"modified":"2024-02-26T00:31:46","modified_gmt":"2024-02-25T23:31:46","slug":"wer-wir-sind","status":"publish","type":"page","link":"http:\/\/www.kufstein-hilft.at\/?page_id=47","title":{"rendered":"Wer wir sind"},"content":{"rendered":"<hr \/>\n<p><img decoding=\"async\" class=\"alignright\" src=\"http:\/\/www.kufstein-hilft.at\/wp-content\/uploads\/2017\/09\/GeGa_Group_Dreh_c.jpg\" alt=\"\" \/><span style=\"background-color: #ffffff; font-size: 12pt; font-family: tahoma,arial,helvetica,sans-serif;\">Wir begleiten und unterst\u00fctzen Menschen, die auf ihrer Flucht bei uns angekommen sind.<br \/><\/span><\/p>\n<p><span style=\"font-family: tahoma,arial,helvetica,sans-serif; font-size: 12pt;\">\u201eKufstein hilft\u201c verbindet alle, die f\u00fcr Asyl und f\u00fcr Menschenrechte eintreten. Wir warten nicht darauf, bis sich die Welt ver\u00e4ndert, sondern schaffen in Kufstein Orte der Begegnung.<\/span><\/p>\n\n","protected":false},"excerpt":{"rendered":"<p>Wir begleiten und unterst\u00fctzen Menschen, die auf ihrer Flucht bei uns angekommen sind. \u201eKufstein hilft\u201c verbindet alle, die f\u00fcr Asyl<\/p>\n","protected":false},"author":1,"featured_media":0,"parent":0,"menu_order":1,"comment_status":"closed","ping_status":"closed","template":"","meta":{"footnotes":""},"jetpack_sharing_enabled":true,"_links":{"self":[{"href":"http:\/\/www.kufstein-hilft.at\/index.php?rest_route=\/wp\/v2\/pages\/47"}],"collection":[{"href":"http:\/\/www.kufstein-hilft.at\/index.php?rest_route=\/wp\/v2\/pages"}],"about":[{"href":"http:\/\/www.kufstein-hilft.at\/index.php?rest_route=\/wp\/v2\/types\/page"}],"author":[{"embeddable":true,"href":"http:\/\/www.kufstein-hilft.at\/index.php?rest_route=\/wp\/v2\/users\/1"}],"replies":[{"embeddable":true,"href":"http:\/\/www.kufstein-hilft.at\/index.php?rest_route=%2Fwp%2Fv2%2Fcomments&post=47"}],"version-history":[{"count":22,"href":"http:\/\/www.kufstein-hilft.at\/index.php?rest_route=\/wp\/v2\/pages\/47\/revisions"}],"predecessor-version":[{"id":1428,"href":"http:\/\/www.kufstein-hilft.at\/index.php?rest_route=\/wp\/v2\/pages\/47\/revisions\/1428"}],"wp:attachment":[{"href":"http:\/\/www.kufstein-hilft.at\/index.php?rest_route=%2Fwp%2Fv2%2Fmedia&parent=47"}],"curies":[{"name":"wp","href":"https:\/\/api.w.org\/{rel}","templated":true}]}}